{"id":5314,"date":"2020-04-14T17:07:23","date_gmt":"2020-04-14T17:07:23","guid":{"rendered":"https:\/\/ellajardim.com.br\/?page_id=5314"},"modified":"2021-04-25T18:48:24","modified_gmt":"2021-04-25T18:48:24","slug":"blogar-e-viajar","status":"publish","type":"page","link":"https:\/\/demo.ellajardim.com.br\/studio\/portfolio\/blogar-e-viajar\/","title":{"rendered":"Blogar e Viajar"},"content":{"rendered":"<p><img loading=\"lazy\" decoding=\"async\" src=\"https:\/\/ellajardim.com.br\/wp-content\/uploads\/2020\/04\/blogar-viajar-ellajardim-4.png\" alt=\"\" width=\"1100\" height=\"4715\" class=\"aligncenter size-full wp-image-5372\"><\/p>\n<p><a class=\"button\" href=\"https:\/\/www.blogareviajar.com.br\" target=\"blank\" rel=\"noopener\"><span>Visite o Site<\/span><\/a><\/p>\n","protected":false},"excerpt":{"rendered":"<p>A Taay j\u00e1 foi para tantos pa\u00edses que surgiu a necessidade de compartilhar suas experi\u00eancias com outras pessoas. Por isso ela pediu um blog para falar um pouco sobre os lugares que j\u00e1 conheceu, al\u00e9m de dicas para quem quer realizar seu sonho de botar o p\u00e9 na estrada visitar o mundo.<\/p>\n","protected":false},"author":1,"featured_media":5481,"parent":4899,"menu_order":0,"comment_status":"closed","ping_status":"closed","template":"inc\/portfolio.php","meta":{"footnotes":""},"class_list":["post-5314","page","type-page","status-publish","has-post-thumbnail","hentry"],"_links":{"self":[{"href":"https:\/\/demo.ellajardim.com.br\/studio\/wp-json\/wp\/v2\/pages\/5314","targetHints":{"allow":["GET"]}}],"collection":[{"href":"https:\/\/demo.ellajardim.com.br\/studio\/wp-json\/wp\/v2\/pages"}],"about":[{"href":"https:\/\/demo.ellajardim.com.br\/studio\/wp-json\/wp\/v2\/types\/page"}],"author":[{"embeddable":true,"href":"https:\/\/demo.ellajardim.com.br\/studio\/wp-json\/wp\/v2\/users\/1"}],"replies":[{"embeddable":true,"href":"https:\/\/demo.ellajardim.com.br\/studio\/wp-json\/wp\/v2\/comments?post=5314"}],"version-history":[{"count":1,"href":"https:\/\/demo.ellajardim.com.br\/studio\/wp-json\/wp\/v2\/pages\/5314\/revisions"}],"predecessor-version":[{"id":5485,"href":"https:\/\/demo.ellajardim.com.br\/studio\/wp-json\/wp\/v2\/pages\/5314\/revisions\/5485"}],"up":[{"embeddable":true,"href":"https:\/\/demo.ellajardim.com.br\/studio\/wp-json\/wp\/v2\/pages\/4899"}],"wp:featuredmedia":[{"embeddable":true,"href":"https:\/\/demo.ellajardim.com.br\/studio\/wp-json\/wp\/v2\/media\/5481"}],"wp:attachment":[{"href":"https:\/\/demo.ellajardim.com.br\/studio\/wp-json\/wp\/v2\/media?parent=5314"}],"curies":[{"name":"wp","href":"https:\/\/api.w.org\/{rel}","templated":true}]}}